{"id":1913,"date":"2023-05-24T13:00:01","date_gmt":"2023-05-24T17:00:01","guid":{"rendered":"https:\/\/popincproduction.com\/?page_id=1913"},"modified":"2023-05-24T13:09:28","modified_gmt":"2023-05-24T17:09:28","slug":"avantages-dune-agence-de-production-video","status":"publish","type":"page","link":"https:\/\/popincproduction.com\/fr\/production-video\/avantages-dune-agence-de-production-video\/","title":{"rendered":"Avantages d&rsquo;une agence de production vid\u00e9o"},"content":{"rendered":"","protected":false},"excerpt":{"rendered":"","protected":false},"author":2,"featured_media":0,"parent":526,"menu_order":0,"comment_status":"closed","ping_status":"closed","template":"","meta":{"_acf_changed":false,"footnotes":""},"class_list":["post-1913","page","type-page","status-publish","hentry","entry"],"acf":[],"yoast_head":"<!-- This site is optimized with the Yoast SEO Premium plugin v21.1 (Yoast SEO v24.0) - https:\/\/yoast.com\/wordpress\/plugins\/seo\/ -->\n<title>Avantages d&#039;une agence de production vid\u00e9o - POP INC PRODUCTION<\/title>\n<meta name=\"description\" content=\"De la vision \u00e0 la planification, il y a plusieurs avantages \u00e0 s&#039;associer avec une agence qui comprend vraiment le processus de la production vid\u00e9o \u00e0 Gatineau et Ottawa.\" \/>\n<meta name=\"robots\" content=\"index, follow, max-snippet:-1, max-image-preview:large, max-video-preview:-1\" \/>\n<link rel=\"canonical\" href=\"https:\/\/popincproduction.com\/fr\/production-video\/avantages-dune-agence-de-production-video\/\" \/>\n<meta property=\"og:locale\" content=\"fr_FR\" \/>\n<meta property=\"og:type\" content=\"article\" \/>\n<meta property=\"og:title\" content=\"Avantages d&#039;une agence de production vid\u00e9o\" \/>\n<meta property=\"og:url\" content=\"https:\/\/popincproduction.com\/fr\/production-video\/avantages-dune-agence-de-production-video\/\" \/>\n<meta property=\"og:site_name\" content=\"POP INC PRODUCTION\" \/>\n<meta property=\"article:publisher\" content=\"https:\/\/www.facebook.com\/agencepopinc\" \/>\n<meta property=\"article:modified_time\" content=\"2023-05-24T17:09:28+00:00\" \/>\n<meta name=\"twitter:card\" content=\"summary_large_image\" \/>\n<script type=\"application\/ld+json\" class=\"yoast-schema-graph\">{\"@context\":\"https:\/\/schema.org\",\"@graph\":[{\"@type\":\"WebPage\",\"@id\":\"https:\/\/popincproduction.com\/fr\/production-video\/avantages-dune-agence-de-production-video\/\",\"url\":\"https:\/\/popincproduction.com\/fr\/production-video\/avantages-dune-agence-de-production-video\/\",\"name\":\"Avantages d'une agence de production vid\u00e9o - POP INC PRODUCTION\",\"isPartOf\":{\"@id\":\"https:\/\/popincproduction.com\/#website\"},\"datePublished\":\"2023-05-24T17:00:01+00:00\",\"dateModified\":\"2023-05-24T17:09:28+00:00\",\"description\":\"De la vision \u00e0 la planification, il y a plusieurs avantages \u00e0 s'associer avec une agence qui comprend vraiment le processus de la production vid\u00e9o \u00e0 Gatineau et Ottawa.\",\"breadcrumb\":{\"@id\":\"https:\/\/popincproduction.com\/fr\/production-video\/avantages-dune-agence-de-production-video\/#breadcrumb\"},\"inLanguage\":\"fr-FR\",\"potentialAction\":[{\"@type\":\"ReadAction\",\"target\":[\"https:\/\/popincproduction.com\/fr\/production-video\/avantages-dune-agence-de-production-video\/\"]}]},{\"@type\":\"BreadcrumbList\",\"@id\":\"https:\/\/popincproduction.com\/fr\/production-video\/avantages-dune-agence-de-production-video\/#breadcrumb\",\"itemListElement\":[{\"@type\":\"ListItem\",\"position\":1,\"name\":\"Home\",\"item\":\"https:\/\/popincproduction.com\/fr\/\"},{\"@type\":\"ListItem\",\"position\":2,\"name\":\"Production vid\u00e9o\",\"item\":\"https:\/\/popincproduction.com\/fr\/production-video\/\"},{\"@type\":\"ListItem\",\"position\":3,\"name\":\"Avantages d&#8217;une agence de production vid\u00e9o\"}]},{\"@type\":\"WebSite\",\"@id\":\"https:\/\/popincproduction.com\/#website\",\"url\":\"https:\/\/popincproduction.com\/\",\"name\":\"POP Influenceurs\",\"description\":\"Ottawa Video Production\",\"publisher\":{\"@id\":\"https:\/\/popincproduction.com\/#organization\"},\"potentialAction\":[{\"@type\":\"SearchAction\",\"target\":{\"@type\":\"EntryPoint\",\"urlTemplate\":\"https:\/\/popincproduction.com\/?s={search_term_string}\"},\"query-input\":{\"@type\":\"PropertyValueSpecification\",\"valueRequired\":true,\"valueName\":\"search_term_string\"}}],\"inLanguage\":\"fr-FR\"},{\"@type\":\"Organization\",\"@id\":\"https:\/\/popincproduction.com\/#organization\",\"name\":\"POP INC PRODUCTION\",\"url\":\"https:\/\/popincproduction.com\/\",\"logo\":{\"@type\":\"ImageObject\",\"inLanguage\":\"fr-FR\",\"@id\":\"https:\/\/popincproduction.com\/#\/schema\/logo\/image\/\",\"url\":\"https:\/\/popincproduction.com\/wp-content\/uploads\/2019\/09\/favicon.png\",\"contentUrl\":\"https:\/\/popincproduction.com\/wp-content\/uploads\/2019\/09\/favicon.png\",\"width\":32,\"height\":32,\"caption\":\"POP INC PRODUCTION\"},\"image\":{\"@id\":\"https:\/\/popincproduction.com\/#\/schema\/logo\/image\/\"},\"sameAs\":[\"https:\/\/www.facebook.com\/agencepopinc\"]}]}<\/script>\n<!-- \/ Yoast SEO Premium plugin. -->","yoast_head_json":{"title":"Avantages d'une agence de production vid\u00e9o - POP INC PRODUCTION","description":"De la vision \u00e0 la planification, il y a plusieurs avantages \u00e0 s'associer avec une agence qui comprend vraiment le processus de la production vid\u00e9o \u00e0 Gatineau et Ottawa.","robots":{"index":"index","follow":"follow","max-snippet":"max-snippet:-1","max-image-preview":"max-image-preview:large","max-video-preview":"max-video-preview:-1"},"canonical":"https:\/\/popincproduction.com\/fr\/production-video\/avantages-dune-agence-de-production-video\/","og_locale":"fr_FR","og_type":"article","og_title":"Avantages d'une agence de production vid\u00e9o","og_url":"https:\/\/popincproduction.com\/fr\/production-video\/avantages-dune-agence-de-production-video\/","og_site_name":"POP INC PRODUCTION","article_publisher":"https:\/\/www.facebook.com\/agencepopinc","article_modified_time":"2023-05-24T17:09:28+00:00","twitter_card":"summary_large_image","schema":{"@context":"https:\/\/schema.org","@graph":[{"@type":"WebPage","@id":"https:\/\/popincproduction.com\/fr\/production-video\/avantages-dune-agence-de-production-video\/","url":"https:\/\/popincproduction.com\/fr\/production-video\/avantages-dune-agence-de-production-video\/","name":"Avantages d'une agence de production vid\u00e9o - POP INC PRODUCTION","isPartOf":{"@id":"https:\/\/popincproduction.com\/#website"},"datePublished":"2023-05-24T17:00:01+00:00","dateModified":"2023-05-24T17:09:28+00:00","description":"De la vision \u00e0 la planification, il y a plusieurs avantages \u00e0 s'associer avec une agence qui comprend vraiment le processus de la production vid\u00e9o \u00e0 Gatineau et Ottawa.","breadcrumb":{"@id":"https:\/\/popincproduction.com\/fr\/production-video\/avantages-dune-agence-de-production-video\/#breadcrumb"},"inLanguage":"fr-FR","potentialAction":[{"@type":"ReadAction","target":["https:\/\/popincproduction.com\/fr\/production-video\/avantages-dune-agence-de-production-video\/"]}]},{"@type":"BreadcrumbList","@id":"https:\/\/popincproduction.com\/fr\/production-video\/avantages-dune-agence-de-production-video\/#breadcrumb","itemListElement":[{"@type":"ListItem","position":1,"name":"Home","item":"https:\/\/popincproduction.com\/fr\/"},{"@type":"ListItem","position":2,"name":"Production vid\u00e9o","item":"https:\/\/popincproduction.com\/fr\/production-video\/"},{"@type":"ListItem","position":3,"name":"Avantages d&#8217;une agence de production vid\u00e9o"}]},{"@type":"WebSite","@id":"https:\/\/popincproduction.com\/#website","url":"https:\/\/popincproduction.com\/","name":"POP Influenceurs","description":"Ottawa Video Production","publisher":{"@id":"https:\/\/popincproduction.com\/#organization"},"potentialAction":[{"@type":"SearchAction","target":{"@type":"EntryPoint","urlTemplate":"https:\/\/popincproduction.com\/?s={search_term_string}"},"query-input":{"@type":"PropertyValueSpecification","valueRequired":true,"valueName":"search_term_string"}}],"inLanguage":"fr-FR"},{"@type":"Organization","@id":"https:\/\/popincproduction.com\/#organization","name":"POP INC PRODUCTION","url":"https:\/\/popincproduction.com\/","logo":{"@type":"ImageObject","inLanguage":"fr-FR","@id":"https:\/\/popincproduction.com\/#\/schema\/logo\/image\/","url":"https:\/\/popincproduction.com\/wp-content\/uploads\/2019\/09\/favicon.png","contentUrl":"https:\/\/popincproduction.com\/wp-content\/uploads\/2019\/09\/favicon.png","width":32,"height":32,"caption":"POP INC PRODUCTION"},"image":{"@id":"https:\/\/popincproduction.com\/#\/schema\/logo\/image\/"},"sameAs":["https:\/\/www.facebook.com\/agencepopinc"]}]}},"_links":{"self":[{"href":"https:\/\/popincproduction.com\/fr\/wp-json\/wp\/v2\/pages\/1913","targetHints":{"allow":["GET"]}}],"collection":[{"href":"https:\/\/popincproduction.com\/fr\/wp-json\/wp\/v2\/pages"}],"about":[{"href":"https:\/\/popincproduction.com\/fr\/wp-json\/wp\/v2\/types\/page"}],"author":[{"embeddable":true,"href":"https:\/\/popincproduction.com\/fr\/wp-json\/wp\/v2\/users\/2"}],"replies":[{"embeddable":true,"href":"https:\/\/popincproduction.com\/fr\/wp-json\/wp\/v2\/comments?post=1913"}],"version-history":[{"count":3,"href":"https:\/\/popincproduction.com\/fr\/wp-json\/wp\/v2\/pages\/1913\/revisions"}],"predecessor-version":[{"id":1919,"href":"https:\/\/popincproduction.com\/fr\/wp-json\/wp\/v2\/pages\/1913\/revisions\/1919"}],"up":[{"embeddable":true,"href":"https:\/\/popincproduction.com\/fr\/wp-json\/wp\/v2\/pages\/526"}],"wp:attachment":[{"href":"https:\/\/popincproduction.com\/fr\/wp-json\/wp\/v2\/media?parent=1913"}],"curies":[{"name":"wp","href":"https:\/\/api.w.org\/{rel}","templated":true}]}}