{"id":1909,"date":"2023-05-24T12:25:12","date_gmt":"2023-05-24T16:25:12","guid":{"rendered":"https:\/\/popincproduction.com\/?page_id=1909"},"modified":"2023-05-24T13:10:00","modified_gmt":"2023-05-24T17:10:00","slug":"quest-ce-que-la-production-video","status":"publish","type":"page","link":"https:\/\/popincproduction.com\/fr\/production-video\/quest-ce-que-la-production-video\/","title":{"rendered":"Qu\u2019est-ce que la production vid\u00e9o\u2009?"},"content":{"rendered":"","protected":false},"excerpt":{"rendered":"","protected":false},"author":2,"featured_media":0,"parent":526,"menu_order":0,"comment_status":"closed","ping_status":"closed","template":"","meta":{"_acf_changed":false,"footnotes":""},"class_list":["post-1909","page","type-page","status-publish","hentry","entry"],"acf":[],"yoast_head":"<!-- This site is optimized with the Yoast SEO Premium plugin v21.1 (Yoast SEO v24.0) - https:\/\/yoast.com\/wordpress\/plugins\/seo\/ -->\n<title>Qu\u2019est-ce que la production vid\u00e9o\u2009? - POP INC PRODUCTION<\/title>\n<meta name=\"description\" content=\"Comprendre ce qu&#039;est la production vid\u00e9o professionnelle vous aidera \u00e0 visualiser la diff\u00e9rence qu&#039;elle peut apporter \u00e0 votre strat\u00e9gie de marketing et de communication.\" \/>\n<meta name=\"robots\" content=\"index, follow, max-snippet:-1, max-image-preview:large, max-video-preview:-1\" \/>\n<link rel=\"canonical\" href=\"https:\/\/popincproduction.com\/fr\/production-video\/quest-ce-que-la-production-video\/\" \/>\n<meta property=\"og:locale\" content=\"fr_FR\" \/>\n<meta property=\"og:type\" content=\"article\" \/>\n<meta property=\"og:title\" content=\"Qu\u2019est-ce que la production vid\u00e9o\u2009?\" \/>\n<meta property=\"og:url\" content=\"https:\/\/popincproduction.com\/fr\/production-video\/quest-ce-que-la-production-video\/\" \/>\n<meta property=\"og:site_name\" content=\"POP INC PRODUCTION\" \/>\n<meta property=\"article:publisher\" content=\"https:\/\/www.facebook.com\/agencepopinc\" \/>\n<meta property=\"article:modified_time\" content=\"2023-05-24T17:10:00+00:00\" \/>\n<meta name=\"twitter:card\" content=\"summary_large_image\" \/>\n<script type=\"application\/ld+json\" class=\"yoast-schema-graph\">{\"@context\":\"https:\/\/schema.org\",\"@graph\":[{\"@type\":\"WebPage\",\"@id\":\"https:\/\/popincproduction.com\/fr\/production-video\/quest-ce-que-la-production-video\/\",\"url\":\"https:\/\/popincproduction.com\/fr\/production-video\/quest-ce-que-la-production-video\/\",\"name\":\"Qu\u2019est-ce que la production vid\u00e9o\u2009? - POP INC PRODUCTION\",\"isPartOf\":{\"@id\":\"https:\/\/popincproduction.com\/#website\"},\"datePublished\":\"2023-05-24T16:25:12+00:00\",\"dateModified\":\"2023-05-24T17:10:00+00:00\",\"description\":\"Comprendre ce qu'est la production vid\u00e9o professionnelle vous aidera \u00e0 visualiser la diff\u00e9rence qu'elle peut apporter \u00e0 votre strat\u00e9gie de marketing et de communication.\",\"breadcrumb\":{\"@id\":\"https:\/\/popincproduction.com\/fr\/production-video\/quest-ce-que-la-production-video\/#breadcrumb\"},\"inLanguage\":\"fr-FR\",\"potentialAction\":[{\"@type\":\"ReadAction\",\"target\":[\"https:\/\/popincproduction.com\/fr\/production-video\/quest-ce-que-la-production-video\/\"]}]},{\"@type\":\"BreadcrumbList\",\"@id\":\"https:\/\/popincproduction.com\/fr\/production-video\/quest-ce-que-la-production-video\/#breadcrumb\",\"itemListElement\":[{\"@type\":\"ListItem\",\"position\":1,\"name\":\"Home\",\"item\":\"https:\/\/popincproduction.com\/fr\/\"},{\"@type\":\"ListItem\",\"position\":2,\"name\":\"Production vid\u00e9o\",\"item\":\"https:\/\/popincproduction.com\/fr\/production-video\/\"},{\"@type\":\"ListItem\",\"position\":3,\"name\":\"Qu\u2019est-ce que la production vid\u00e9o\u2009?\"}]},{\"@type\":\"WebSite\",\"@id\":\"https:\/\/popincproduction.com\/#website\",\"url\":\"https:\/\/popincproduction.com\/\",\"name\":\"POP Influenceurs\",\"description\":\"Ottawa Video Production\",\"publisher\":{\"@id\":\"https:\/\/popincproduction.com\/#organization\"},\"potentialAction\":[{\"@type\":\"SearchAction\",\"target\":{\"@type\":\"EntryPoint\",\"urlTemplate\":\"https:\/\/popincproduction.com\/?s={search_term_string}\"},\"query-input\":{\"@type\":\"PropertyValueSpecification\",\"valueRequired\":true,\"valueName\":\"search_term_string\"}}],\"inLanguage\":\"fr-FR\"},{\"@type\":\"Organization\",\"@id\":\"https:\/\/popincproduction.com\/#organization\",\"name\":\"POP INC PRODUCTION\",\"url\":\"https:\/\/popincproduction.com\/\",\"logo\":{\"@type\":\"ImageObject\",\"inLanguage\":\"fr-FR\",\"@id\":\"https:\/\/popincproduction.com\/#\/schema\/logo\/image\/\",\"url\":\"https:\/\/popincproduction.com\/wp-content\/uploads\/2019\/09\/favicon.png\",\"contentUrl\":\"https:\/\/popincproduction.com\/wp-content\/uploads\/2019\/09\/favicon.png\",\"width\":32,\"height\":32,\"caption\":\"POP INC PRODUCTION\"},\"image\":{\"@id\":\"https:\/\/popincproduction.com\/#\/schema\/logo\/image\/\"},\"sameAs\":[\"https:\/\/www.facebook.com\/agencepopinc\"]}]}<\/script>\n<!-- \/ Yoast SEO Premium plugin. -->","yoast_head_json":{"title":"Qu\u2019est-ce que la production vid\u00e9o\u2009? - POP INC PRODUCTION","description":"Comprendre ce qu'est la production vid\u00e9o professionnelle vous aidera \u00e0 visualiser la diff\u00e9rence qu'elle peut apporter \u00e0 votre strat\u00e9gie de marketing et de communication.","robots":{"index":"index","follow":"follow","max-snippet":"max-snippet:-1","max-image-preview":"max-image-preview:large","max-video-preview":"max-video-preview:-1"},"canonical":"https:\/\/popincproduction.com\/fr\/production-video\/quest-ce-que-la-production-video\/","og_locale":"fr_FR","og_type":"article","og_title":"Qu\u2019est-ce que la production vid\u00e9o\u2009?","og_url":"https:\/\/popincproduction.com\/fr\/production-video\/quest-ce-que-la-production-video\/","og_site_name":"POP INC PRODUCTION","article_publisher":"https:\/\/www.facebook.com\/agencepopinc","article_modified_time":"2023-05-24T17:10:00+00:00","twitter_card":"summary_large_image","schema":{"@context":"https:\/\/schema.org","@graph":[{"@type":"WebPage","@id":"https:\/\/popincproduction.com\/fr\/production-video\/quest-ce-que-la-production-video\/","url":"https:\/\/popincproduction.com\/fr\/production-video\/quest-ce-que-la-production-video\/","name":"Qu\u2019est-ce que la production vid\u00e9o\u2009? - POP INC PRODUCTION","isPartOf":{"@id":"https:\/\/popincproduction.com\/#website"},"datePublished":"2023-05-24T16:25:12+00:00","dateModified":"2023-05-24T17:10:00+00:00","description":"Comprendre ce qu'est la production vid\u00e9o professionnelle vous aidera \u00e0 visualiser la diff\u00e9rence qu'elle peut apporter \u00e0 votre strat\u00e9gie de marketing et de communication.","breadcrumb":{"@id":"https:\/\/popincproduction.com\/fr\/production-video\/quest-ce-que-la-production-video\/#breadcrumb"},"inLanguage":"fr-FR","potentialAction":[{"@type":"ReadAction","target":["https:\/\/popincproduction.com\/fr\/production-video\/quest-ce-que-la-production-video\/"]}]},{"@type":"BreadcrumbList","@id":"https:\/\/popincproduction.com\/fr\/production-video\/quest-ce-que-la-production-video\/#breadcrumb","itemListElement":[{"@type":"ListItem","position":1,"name":"Home","item":"https:\/\/popincproduction.com\/fr\/"},{"@type":"ListItem","position":2,"name":"Production vid\u00e9o","item":"https:\/\/popincproduction.com\/fr\/production-video\/"},{"@type":"ListItem","position":3,"name":"Qu\u2019est-ce que la production vid\u00e9o\u2009?"}]},{"@type":"WebSite","@id":"https:\/\/popincproduction.com\/#website","url":"https:\/\/popincproduction.com\/","name":"POP Influenceurs","description":"Ottawa Video Production","publisher":{"@id":"https:\/\/popincproduction.com\/#organization"},"potentialAction":[{"@type":"SearchAction","target":{"@type":"EntryPoint","urlTemplate":"https:\/\/popincproduction.com\/?s={search_term_string}"},"query-input":{"@type":"PropertyValueSpecification","valueRequired":true,"valueName":"search_term_string"}}],"inLanguage":"fr-FR"},{"@type":"Organization","@id":"https:\/\/popincproduction.com\/#organization","name":"POP INC PRODUCTION","url":"https:\/\/popincproduction.com\/","logo":{"@type":"ImageObject","inLanguage":"fr-FR","@id":"https:\/\/popincproduction.com\/#\/schema\/logo\/image\/","url":"https:\/\/popincproduction.com\/wp-content\/uploads\/2019\/09\/favicon.png","contentUrl":"https:\/\/popincproduction.com\/wp-content\/uploads\/2019\/09\/favicon.png","width":32,"height":32,"caption":"POP INC PRODUCTION"},"image":{"@id":"https:\/\/popincproduction.com\/#\/schema\/logo\/image\/"},"sameAs":["https:\/\/www.facebook.com\/agencepopinc"]}]}},"_links":{"self":[{"href":"https:\/\/popincproduction.com\/fr\/wp-json\/wp\/v2\/pages\/1909","targetHints":{"allow":["GET"]}}],"collection":[{"href":"https:\/\/popincproduction.com\/fr\/wp-json\/wp\/v2\/pages"}],"about":[{"href":"https:\/\/popincproduction.com\/fr\/wp-json\/wp\/v2\/types\/page"}],"author":[{"embeddable":true,"href":"https:\/\/popincproduction.com\/fr\/wp-json\/wp\/v2\/users\/2"}],"replies":[{"embeddable":true,"href":"https:\/\/popincproduction.com\/fr\/wp-json\/wp\/v2\/comments?post=1909"}],"version-history":[{"count":3,"href":"https:\/\/popincproduction.com\/fr\/wp-json\/wp\/v2\/pages\/1909\/revisions"}],"predecessor-version":[{"id":1920,"href":"https:\/\/popincproduction.com\/fr\/wp-json\/wp\/v2\/pages\/1909\/revisions\/1920"}],"up":[{"embeddable":true,"href":"https:\/\/popincproduction.com\/fr\/wp-json\/wp\/v2\/pages\/526"}],"wp:attachment":[{"href":"https:\/\/popincproduction.com\/fr\/wp-json\/wp\/v2\/media?parent=1909"}],"curies":[{"name":"wp","href":"https:\/\/api.w.org\/{rel}","templated":true}]}}