{"id":1409,"date":"2021-05-07T18:30:19","date_gmt":"2021-05-07T22:30:19","guid":{"rendered":"https:\/\/popincproduction.com\/?page_id=1409"},"modified":"2021-05-13T14:28:33","modified_gmt":"2021-05-13T18:28:33","slug":"publicite-sur-les-medias-sociaux","status":"publish","type":"page","link":"https:\/\/popincproduction.com\/fr\/production-video\/creation-de-contenu\/publicite-sur-les-medias-sociaux\/","title":{"rendered":"Publicit\u00e9 sur les m\u00e9dias sociaux"},"content":{"rendered":"","protected":false},"excerpt":{"rendered":"","protected":false},"author":3,"featured_media":0,"parent":530,"menu_order":5,"comment_status":"closed","ping_status":"closed","template":"","meta":{"_acf_changed":false,"footnotes":""},"class_list":["post-1409","page","type-page","status-publish","hentry","entry"],"acf":[],"yoast_head":"<!-- This site is optimized with the Yoast SEO Premium plugin v21.1 (Yoast SEO v24.0) - https:\/\/yoast.com\/wordpress\/plugins\/seo\/ -->\n<title>POP INC PRODUCTION - Publicit\u00e9s sur les m\u00e9dias sociaux - Ottawa<\/title>\n<meta name=\"description\" content=\"Les publicit\u00e9s sur les m\u00e9dias sociaux sont un moyen efficace de communiquer avec votre public. POP INC Production \u00e0 Ottawa et Gatineau.\" \/>\n<meta name=\"robots\" content=\"index, follow, max-snippet:-1, max-image-preview:large, max-video-preview:-1\" \/>\n<link rel=\"canonical\" href=\"https:\/\/popincproduction.com\/fr\/production-video\/creation-de-contenu\/publicite-sur-les-medias-sociaux\/\" \/>\n<meta property=\"og:locale\" content=\"fr_FR\" \/>\n<meta property=\"og:type\" content=\"article\" \/>\n<meta property=\"og:title\" content=\"Publicit\u00e9 sur les m\u00e9dias sociaux\" \/>\n<meta property=\"og:url\" content=\"https:\/\/popincproduction.com\/fr\/production-video\/creation-de-contenu\/publicite-sur-les-medias-sociaux\/\" \/>\n<meta property=\"og:site_name\" content=\"POP INC PRODUCTION\" \/>\n<meta property=\"article:publisher\" content=\"https:\/\/www.facebook.com\/agencepopinc\" \/>\n<meta property=\"article:modified_time\" content=\"2021-05-13T18:28:33+00:00\" \/>\n<meta name=\"twitter:card\" content=\"summary_large_image\" \/>\n<script type=\"application\/ld+json\" class=\"yoast-schema-graph\">{\"@context\":\"https:\/\/schema.org\",\"@graph\":[{\"@type\":\"WebPage\",\"@id\":\"https:\/\/popincproduction.com\/fr\/production-video\/creation-de-contenu\/publicite-sur-les-medias-sociaux\/\",\"url\":\"https:\/\/popincproduction.com\/fr\/production-video\/creation-de-contenu\/publicite-sur-les-medias-sociaux\/\",\"name\":\"POP INC PRODUCTION - Publicit\u00e9s sur les m\u00e9dias sociaux - Ottawa\",\"isPartOf\":{\"@id\":\"https:\/\/popincproduction.com\/#website\"},\"datePublished\":\"2021-05-07T22:30:19+00:00\",\"dateModified\":\"2021-05-13T18:28:33+00:00\",\"description\":\"Les publicit\u00e9s sur les m\u00e9dias sociaux sont un moyen efficace de communiquer avec votre public. POP INC Production \u00e0 Ottawa et Gatineau.\",\"breadcrumb\":{\"@id\":\"https:\/\/popincproduction.com\/fr\/production-video\/creation-de-contenu\/publicite-sur-les-medias-sociaux\/#breadcrumb\"},\"inLanguage\":\"fr-FR\",\"potentialAction\":[{\"@type\":\"ReadAction\",\"target\":[\"https:\/\/popincproduction.com\/fr\/production-video\/creation-de-contenu\/publicite-sur-les-medias-sociaux\/\"]}]},{\"@type\":\"BreadcrumbList\",\"@id\":\"https:\/\/popincproduction.com\/fr\/production-video\/creation-de-contenu\/publicite-sur-les-medias-sociaux\/#breadcrumb\",\"itemListElement\":[{\"@type\":\"ListItem\",\"position\":1,\"name\":\"Home\",\"item\":\"https:\/\/popincproduction.com\/fr\/\"},{\"@type\":\"ListItem\",\"position\":2,\"name\":\"Production vid\u00e9o\",\"item\":\"https:\/\/popincproduction.com\/fr\/production-video\/\"},{\"@type\":\"ListItem\",\"position\":3,\"name\":\"Cr\u00e9ation de contenu\",\"item\":\"https:\/\/popincproduction.com\/fr\/production-video\/creation-de-contenu\/\"},{\"@type\":\"ListItem\",\"position\":4,\"name\":\"Publicit\u00e9 sur les m\u00e9dias sociaux\"}]},{\"@type\":\"WebSite\",\"@id\":\"https:\/\/popincproduction.com\/#website\",\"url\":\"https:\/\/popincproduction.com\/\",\"name\":\"POP Influenceurs\",\"description\":\"Ottawa Video Production\",\"publisher\":{\"@id\":\"https:\/\/popincproduction.com\/#organization\"},\"potentialAction\":[{\"@type\":\"SearchAction\",\"target\":{\"@type\":\"EntryPoint\",\"urlTemplate\":\"https:\/\/popincproduction.com\/?s={search_term_string}\"},\"query-input\":{\"@type\":\"PropertyValueSpecification\",\"valueRequired\":true,\"valueName\":\"search_term_string\"}}],\"inLanguage\":\"fr-FR\"},{\"@type\":\"Organization\",\"@id\":\"https:\/\/popincproduction.com\/#organization\",\"name\":\"POP INC PRODUCTION\",\"url\":\"https:\/\/popincproduction.com\/\",\"logo\":{\"@type\":\"ImageObject\",\"inLanguage\":\"fr-FR\",\"@id\":\"https:\/\/popincproduction.com\/#\/schema\/logo\/image\/\",\"url\":\"https:\/\/popincproduction.com\/wp-content\/uploads\/2019\/09\/favicon.png\",\"contentUrl\":\"https:\/\/popincproduction.com\/wp-content\/uploads\/2019\/09\/favicon.png\",\"width\":32,\"height\":32,\"caption\":\"POP INC PRODUCTION\"},\"image\":{\"@id\":\"https:\/\/popincproduction.com\/#\/schema\/logo\/image\/\"},\"sameAs\":[\"https:\/\/www.facebook.com\/agencepopinc\"]}]}<\/script>\n<!-- \/ Yoast SEO Premium plugin. -->","yoast_head_json":{"title":"POP INC PRODUCTION - Publicit\u00e9s sur les m\u00e9dias sociaux - Ottawa","description":"Les publicit\u00e9s sur les m\u00e9dias sociaux sont un moyen efficace de communiquer avec votre public. POP INC Production \u00e0 Ottawa et Gatineau.","robots":{"index":"index","follow":"follow","max-snippet":"max-snippet:-1","max-image-preview":"max-image-preview:large","max-video-preview":"max-video-preview:-1"},"canonical":"https:\/\/popincproduction.com\/fr\/production-video\/creation-de-contenu\/publicite-sur-les-medias-sociaux\/","og_locale":"fr_FR","og_type":"article","og_title":"Publicit\u00e9 sur les m\u00e9dias sociaux","og_url":"https:\/\/popincproduction.com\/fr\/production-video\/creation-de-contenu\/publicite-sur-les-medias-sociaux\/","og_site_name":"POP INC PRODUCTION","article_publisher":"https:\/\/www.facebook.com\/agencepopinc","article_modified_time":"2021-05-13T18:28:33+00:00","twitter_card":"summary_large_image","schema":{"@context":"https:\/\/schema.org","@graph":[{"@type":"WebPage","@id":"https:\/\/popincproduction.com\/fr\/production-video\/creation-de-contenu\/publicite-sur-les-medias-sociaux\/","url":"https:\/\/popincproduction.com\/fr\/production-video\/creation-de-contenu\/publicite-sur-les-medias-sociaux\/","name":"POP INC PRODUCTION - Publicit\u00e9s sur les m\u00e9dias sociaux - Ottawa","isPartOf":{"@id":"https:\/\/popincproduction.com\/#website"},"datePublished":"2021-05-07T22:30:19+00:00","dateModified":"2021-05-13T18:28:33+00:00","description":"Les publicit\u00e9s sur les m\u00e9dias sociaux sont un moyen efficace de communiquer avec votre public. POP INC Production \u00e0 Ottawa et Gatineau.","breadcrumb":{"@id":"https:\/\/popincproduction.com\/fr\/production-video\/creation-de-contenu\/publicite-sur-les-medias-sociaux\/#breadcrumb"},"inLanguage":"fr-FR","potentialAction":[{"@type":"ReadAction","target":["https:\/\/popincproduction.com\/fr\/production-video\/creation-de-contenu\/publicite-sur-les-medias-sociaux\/"]}]},{"@type":"BreadcrumbList","@id":"https:\/\/popincproduction.com\/fr\/production-video\/creation-de-contenu\/publicite-sur-les-medias-sociaux\/#breadcrumb","itemListElement":[{"@type":"ListItem","position":1,"name":"Home","item":"https:\/\/popincproduction.com\/fr\/"},{"@type":"ListItem","position":2,"name":"Production vid\u00e9o","item":"https:\/\/popincproduction.com\/fr\/production-video\/"},{"@type":"ListItem","position":3,"name":"Cr\u00e9ation de contenu","item":"https:\/\/popincproduction.com\/fr\/production-video\/creation-de-contenu\/"},{"@type":"ListItem","position":4,"name":"Publicit\u00e9 sur les m\u00e9dias sociaux"}]},{"@type":"WebSite","@id":"https:\/\/popincproduction.com\/#website","url":"https:\/\/popincproduction.com\/","name":"POP Influenceurs","description":"Ottawa Video Production","publisher":{"@id":"https:\/\/popincproduction.com\/#organization"},"potentialAction":[{"@type":"SearchAction","target":{"@type":"EntryPoint","urlTemplate":"https:\/\/popincproduction.com\/?s={search_term_string}"},"query-input":{"@type":"PropertyValueSpecification","valueRequired":true,"valueName":"search_term_string"}}],"inLanguage":"fr-FR"},{"@type":"Organization","@id":"https:\/\/popincproduction.com\/#organization","name":"POP INC PRODUCTION","url":"https:\/\/popincproduction.com\/","logo":{"@type":"ImageObject","inLanguage":"fr-FR","@id":"https:\/\/popincproduction.com\/#\/schema\/logo\/image\/","url":"https:\/\/popincproduction.com\/wp-content\/uploads\/2019\/09\/favicon.png","contentUrl":"https:\/\/popincproduction.com\/wp-content\/uploads\/2019\/09\/favicon.png","width":32,"height":32,"caption":"POP INC PRODUCTION"},"image":{"@id":"https:\/\/popincproduction.com\/#\/schema\/logo\/image\/"},"sameAs":["https:\/\/www.facebook.com\/agencepopinc"]}]}},"_links":{"self":[{"href":"https:\/\/popincproduction.com\/fr\/wp-json\/wp\/v2\/pages\/1409","targetHints":{"allow":["GET"]}}],"collection":[{"href":"https:\/\/popincproduction.com\/fr\/wp-json\/wp\/v2\/pages"}],"about":[{"href":"https:\/\/popincproduction.com\/fr\/wp-json\/wp\/v2\/types\/page"}],"author":[{"embeddable":true,"href":"https:\/\/popincproduction.com\/fr\/wp-json\/wp\/v2\/users\/3"}],"replies":[{"embeddable":true,"href":"https:\/\/popincproduction.com\/fr\/wp-json\/wp\/v2\/comments?post=1409"}],"version-history":[{"count":1,"href":"https:\/\/popincproduction.com\/fr\/wp-json\/wp\/v2\/pages\/1409\/revisions"}],"predecessor-version":[{"id":1410,"href":"https:\/\/popincproduction.com\/fr\/wp-json\/wp\/v2\/pages\/1409\/revisions\/1410"}],"up":[{"embeddable":true,"href":"https:\/\/popincproduction.com\/fr\/wp-json\/wp\/v2\/pages\/530"}],"wp:attachment":[{"href":"https:\/\/popincproduction.com\/fr\/wp-json\/wp\/v2\/media?parent=1409"}],"curies":[{"name":"wp","href":"https:\/\/api.w.org\/{rel}","templated":true}]}}