{"id":1396,"date":"2021-05-07T12:50:06","date_gmt":"2021-05-07T16:50:06","guid":{"rendered":"https:\/\/popincproduction.com\/?page_id=1396"},"modified":"2024-03-20T16:10:27","modified_gmt":"2024-03-20T20:10:27","slug":"video-temoignage","status":"publish","type":"page","link":"https:\/\/popincproduction.com\/fr\/production-video\/production-video-commerciale\/video-temoignage\/","title":{"rendered":"Vid\u00e9o t\u00e9moignage"},"content":{"rendered":"","protected":false},"excerpt":{"rendered":"","protected":false},"author":3,"featured_media":0,"parent":546,"menu_order":15,"comment_status":"closed","ping_status":"closed","template":"","meta":{"_acf_changed":false,"footnotes":""},"class_list":["post-1396","page","type-page","status-publish","hentry","entry"],"acf":[],"yoast_head":"<!-- This site is optimized with the Yoast SEO Premium plugin v21.1 (Yoast SEO v24.0) - https:\/\/yoast.com\/wordpress\/plugins\/seo\/ -->\n<title>POP INC PRODUCTION - Production vid\u00e9o de t\u00e9moignage Ottawa<\/title>\n<meta name=\"description\" content=\"Les vid\u00e9os de t\u00e9moignages peuvent \u00eatre un outil pour \u00e9tablir la confiance avec votre public. POP INC Production \u00e0 Ottawa-Gatineau.\" \/>\n<meta name=\"robots\" content=\"index, follow, max-snippet:-1, max-image-preview:large, max-video-preview:-1\" \/>\n<link rel=\"canonical\" href=\"https:\/\/popincproduction.com\/fr\/production-video\/production-video-commerciale\/video-temoignage\/\" \/>\n<meta property=\"og:locale\" content=\"fr_FR\" \/>\n<meta property=\"og:type\" content=\"article\" \/>\n<meta property=\"og:title\" content=\"Vid\u00e9o t\u00e9moignage\" \/>\n<meta property=\"og:url\" content=\"https:\/\/popincproduction.com\/fr\/production-video\/production-video-commerciale\/video-temoignage\/\" \/>\n<meta property=\"og:site_name\" content=\"POP INC PRODUCTION\" \/>\n<meta property=\"article:publisher\" content=\"https:\/\/www.facebook.com\/agencepopinc\" \/>\n<meta property=\"article:modified_time\" content=\"2024-03-20T20:10:27+00:00\" \/>\n<meta name=\"twitter:card\" content=\"summary_large_image\" \/>\n<script type=\"application\/ld+json\" class=\"yoast-schema-graph\">{\"@context\":\"https:\/\/schema.org\",\"@graph\":[{\"@type\":\"WebPage\",\"@id\":\"https:\/\/popincproduction.com\/fr\/production-video\/production-video-commerciale\/video-temoignage\/\",\"url\":\"https:\/\/popincproduction.com\/fr\/production-video\/production-video-commerciale\/video-temoignage\/\",\"name\":\"POP INC PRODUCTION - Production vid\u00e9o de t\u00e9moignage Ottawa\",\"isPartOf\":{\"@id\":\"https:\/\/popincproduction.com\/#website\"},\"datePublished\":\"2021-05-07T16:50:06+00:00\",\"dateModified\":\"2024-03-20T20:10:27+00:00\",\"description\":\"Les vid\u00e9os de t\u00e9moignages peuvent \u00eatre un outil pour \u00e9tablir la confiance avec votre public. POP INC Production \u00e0 Ottawa-Gatineau.\",\"breadcrumb\":{\"@id\":\"https:\/\/popincproduction.com\/fr\/production-video\/production-video-commerciale\/video-temoignage\/#breadcrumb\"},\"inLanguage\":\"fr-FR\",\"potentialAction\":[{\"@type\":\"ReadAction\",\"target\":[\"https:\/\/popincproduction.com\/fr\/production-video\/production-video-commerciale\/video-temoignage\/\"]}]},{\"@type\":\"BreadcrumbList\",\"@id\":\"https:\/\/popincproduction.com\/fr\/production-video\/production-video-commerciale\/video-temoignage\/#breadcrumb\",\"itemListElement\":[{\"@type\":\"ListItem\",\"position\":1,\"name\":\"Home\",\"item\":\"https:\/\/popincproduction.com\/fr\/\"},{\"@type\":\"ListItem\",\"position\":2,\"name\":\"Production vid\u00e9o\",\"item\":\"https:\/\/popincproduction.com\/fr\/production-video\/\"},{\"@type\":\"ListItem\",\"position\":3,\"name\":\"Production vid\u00e9o commerciale\",\"item\":\"https:\/\/popincproduction.com\/fr\/production-video\/production-video-commerciale\/\"},{\"@type\":\"ListItem\",\"position\":4,\"name\":\"Vid\u00e9o t\u00e9moignage\"}]},{\"@type\":\"WebSite\",\"@id\":\"https:\/\/popincproduction.com\/#website\",\"url\":\"https:\/\/popincproduction.com\/\",\"name\":\"POP Influenceurs\",\"description\":\"Ottawa Video Production\",\"publisher\":{\"@id\":\"https:\/\/popincproduction.com\/#organization\"},\"potentialAction\":[{\"@type\":\"SearchAction\",\"target\":{\"@type\":\"EntryPoint\",\"urlTemplate\":\"https:\/\/popincproduction.com\/?s={search_term_string}\"},\"query-input\":{\"@type\":\"PropertyValueSpecification\",\"valueRequired\":true,\"valueName\":\"search_term_string\"}}],\"inLanguage\":\"fr-FR\"},{\"@type\":\"Organization\",\"@id\":\"https:\/\/popincproduction.com\/#organization\",\"name\":\"POP INC PRODUCTION\",\"url\":\"https:\/\/popincproduction.com\/\",\"logo\":{\"@type\":\"ImageObject\",\"inLanguage\":\"fr-FR\",\"@id\":\"https:\/\/popincproduction.com\/#\/schema\/logo\/image\/\",\"url\":\"https:\/\/popincproduction.com\/wp-content\/uploads\/2019\/09\/favicon.png\",\"contentUrl\":\"https:\/\/popincproduction.com\/wp-content\/uploads\/2019\/09\/favicon.png\",\"width\":32,\"height\":32,\"caption\":\"POP INC PRODUCTION\"},\"image\":{\"@id\":\"https:\/\/popincproduction.com\/#\/schema\/logo\/image\/\"},\"sameAs\":[\"https:\/\/www.facebook.com\/agencepopinc\"]}]}<\/script>\n<!-- \/ Yoast SEO Premium plugin. -->","yoast_head_json":{"title":"POP INC PRODUCTION - Production vid\u00e9o de t\u00e9moignage Ottawa","description":"Les vid\u00e9os de t\u00e9moignages peuvent \u00eatre un outil pour \u00e9tablir la confiance avec votre public. POP INC Production \u00e0 Ottawa-Gatineau.","robots":{"index":"index","follow":"follow","max-snippet":"max-snippet:-1","max-image-preview":"max-image-preview:large","max-video-preview":"max-video-preview:-1"},"canonical":"https:\/\/popincproduction.com\/fr\/production-video\/production-video-commerciale\/video-temoignage\/","og_locale":"fr_FR","og_type":"article","og_title":"Vid\u00e9o t\u00e9moignage","og_url":"https:\/\/popincproduction.com\/fr\/production-video\/production-video-commerciale\/video-temoignage\/","og_site_name":"POP INC PRODUCTION","article_publisher":"https:\/\/www.facebook.com\/agencepopinc","article_modified_time":"2024-03-20T20:10:27+00:00","twitter_card":"summary_large_image","schema":{"@context":"https:\/\/schema.org","@graph":[{"@type":"WebPage","@id":"https:\/\/popincproduction.com\/fr\/production-video\/production-video-commerciale\/video-temoignage\/","url":"https:\/\/popincproduction.com\/fr\/production-video\/production-video-commerciale\/video-temoignage\/","name":"POP INC PRODUCTION - Production vid\u00e9o de t\u00e9moignage Ottawa","isPartOf":{"@id":"https:\/\/popincproduction.com\/#website"},"datePublished":"2021-05-07T16:50:06+00:00","dateModified":"2024-03-20T20:10:27+00:00","description":"Les vid\u00e9os de t\u00e9moignages peuvent \u00eatre un outil pour \u00e9tablir la confiance avec votre public. POP INC Production \u00e0 Ottawa-Gatineau.","breadcrumb":{"@id":"https:\/\/popincproduction.com\/fr\/production-video\/production-video-commerciale\/video-temoignage\/#breadcrumb"},"inLanguage":"fr-FR","potentialAction":[{"@type":"ReadAction","target":["https:\/\/popincproduction.com\/fr\/production-video\/production-video-commerciale\/video-temoignage\/"]}]},{"@type":"BreadcrumbList","@id":"https:\/\/popincproduction.com\/fr\/production-video\/production-video-commerciale\/video-temoignage\/#breadcrumb","itemListElement":[{"@type":"ListItem","position":1,"name":"Home","item":"https:\/\/popincproduction.com\/fr\/"},{"@type":"ListItem","position":2,"name":"Production vid\u00e9o","item":"https:\/\/popincproduction.com\/fr\/production-video\/"},{"@type":"ListItem","position":3,"name":"Production vid\u00e9o commerciale","item":"https:\/\/popincproduction.com\/fr\/production-video\/production-video-commerciale\/"},{"@type":"ListItem","position":4,"name":"Vid\u00e9o t\u00e9moignage"}]},{"@type":"WebSite","@id":"https:\/\/popincproduction.com\/#website","url":"https:\/\/popincproduction.com\/","name":"POP Influenceurs","description":"Ottawa Video Production","publisher":{"@id":"https:\/\/popincproduction.com\/#organization"},"potentialAction":[{"@type":"SearchAction","target":{"@type":"EntryPoint","urlTemplate":"https:\/\/popincproduction.com\/?s={search_term_string}"},"query-input":{"@type":"PropertyValueSpecification","valueRequired":true,"valueName":"search_term_string"}}],"inLanguage":"fr-FR"},{"@type":"Organization","@id":"https:\/\/popincproduction.com\/#organization","name":"POP INC PRODUCTION","url":"https:\/\/popincproduction.com\/","logo":{"@type":"ImageObject","inLanguage":"fr-FR","@id":"https:\/\/popincproduction.com\/#\/schema\/logo\/image\/","url":"https:\/\/popincproduction.com\/wp-content\/uploads\/2019\/09\/favicon.png","contentUrl":"https:\/\/popincproduction.com\/wp-content\/uploads\/2019\/09\/favicon.png","width":32,"height":32,"caption":"POP INC PRODUCTION"},"image":{"@id":"https:\/\/popincproduction.com\/#\/schema\/logo\/image\/"},"sameAs":["https:\/\/www.facebook.com\/agencepopinc"]}]}},"_links":{"self":[{"href":"https:\/\/popincproduction.com\/fr\/wp-json\/wp\/v2\/pages\/1396","targetHints":{"allow":["GET"]}}],"collection":[{"href":"https:\/\/popincproduction.com\/fr\/wp-json\/wp\/v2\/pages"}],"about":[{"href":"https:\/\/popincproduction.com\/fr\/wp-json\/wp\/v2\/types\/page"}],"author":[{"embeddable":true,"href":"https:\/\/popincproduction.com\/fr\/wp-json\/wp\/v2\/users\/3"}],"replies":[{"embeddable":true,"href":"https:\/\/popincproduction.com\/fr\/wp-json\/wp\/v2\/comments?post=1396"}],"version-history":[{"count":5,"href":"https:\/\/popincproduction.com\/fr\/wp-json\/wp\/v2\/pages\/1396\/revisions"}],"predecessor-version":[{"id":2018,"href":"https:\/\/popincproduction.com\/fr\/wp-json\/wp\/v2\/pages\/1396\/revisions\/2018"}],"up":[{"embeddable":true,"href":"https:\/\/popincproduction.com\/fr\/wp-json\/wp\/v2\/pages\/546"}],"wp:attachment":[{"href":"https:\/\/popincproduction.com\/fr\/wp-json\/wp\/v2\/media?parent=1396"}],"curies":[{"name":"wp","href":"https:\/\/api.w.org\/{rel}","templated":true}]}}